{"id":10654,"date":"2019-12-17T18:28:35","date_gmt":"2019-12-17T20:28:35","guid":{"rendered":"https:\/\/novasingular.com.br\/blog\/?page_id=10654"},"modified":"2020-01-22T13:06:49","modified_gmt":"2020-01-22T15:06:49","slug":"blog","status":"publish","type":"page","link":"https:\/\/novasingular.com.br\/blog\/","title":{"rendered":"Blog"},"content":{"rendered":"<p>[vc_row][vc_column width=&#8221;9\/12&#8243;]<div  class=\"jeg_postblock_30 jeg_postblock jeg_module_hook jeg_pagination_disable jeg_col_2o3 jnews_module__0_69fddaf9cad3b   \" data-unique=\"jnews_module__0_69fddaf9cad3b\">\n                \n                <div class=\"jeg_block_container\">\n                \n                <div class=\"jeg_posts jeg_load_more_flag \">\n                <article class=\"jeg_post jeg_pl_lg_7 post-11106 post type-post status-publish format-standard has-post-thumbnail hentry category-noticias\">\n                    <div class=\"jeg_thumb\">\n                        \n                        <a href=\"https:\/\/novasingular.com.br\/blog\/o-que-bianca-andrade-boca-rosa-e-franciny-ehlke-fran-by-fr-nos-ensinam-sobre-estrategias-de-lancamento-e-beauty-mkt\"><div class=\"thumbnail-container  size-715 \"><img loading=\"lazy\" decoding=\"async\" width=\"750\" height=\"450\" src=\"https:\/\/novasingular.com.br\/blog\/wp-content\/uploads\/2025\/03\/CAPA_BLOG-1-750x450.jpg\" class=\"attachment-jnews-750x536 size-jnews-750x536 wp-post-image\" alt=\"\" \/><\/div><\/a>\n                        <div class=\"jeg_post_category\">\n                            <a href=\"https:\/\/novasingular.com.br\/blog\/category\/noticias\" class=\"category-noticias\">Not\u00edcias<\/a>\n                        <\/div>\n                    <\/div>\n                    <div class=\"jeg_postblock_content\">\n                        <h3 class=\"jeg_post_title\">\n                            <a href=\"https:\/\/novasingular.com.br\/blog\/o-que-bianca-andrade-boca-rosa-e-franciny-ehlke-fran-by-fr-nos-ensinam-sobre-estrategias-de-lancamento-e-beauty-mkt\">O que Bianca Andrade, a Boca Rosa, e Franciny Ehlke, Fran by FR, nos ensinam sobre estrat\u00e9gias de lan\u00e7amento e beauty mkt?<\/a>\n                        <\/h3>\n                        <div class=\"jeg_post_meta\">\n                            <div class=\"jeg_post_meta\"><div class=\"jeg_meta_author\"><span class=\"by\">por<\/span> <a href=\"https:\/\/novasingular.com.br\/blog\/author\/novasingular\">Nova Singular<\/a><\/div><div class=\"jeg_meta_date\"><a href=\"https:\/\/novasingular.com.br\/blog\/o-que-bianca-andrade-boca-rosa-e-franciny-ehlke-fran-by-fr-nos-ensinam-sobre-estrategias-de-lancamento-e-beauty-mkt\"><i class=\"fa fa-clock-o\"><\/i> 28 de mar\u00e7o de 2025<\/a><\/div><\/div>\n                        <\/div>\n                        <div class=\"jeg_post_excerpt\">\n                            <p>Por Vit\u00f3ria Borgi e Isadora Ferreira As \u00faltimas semanas foram marcadas por dois grandes lan\u00e7amentos de \u00edcones do mundo da...<\/p>\n                            <a href=\"https:\/\/novasingular.com.br\/blog\/o-que-bianca-andrade-boca-rosa-e-franciny-ehlke-fran-by-fr-nos-ensinam-sobre-estrategias-de-lancamento-e-beauty-mkt\" class=\"jeg_readmore\">Ler Mais<\/a>\n                        <\/div>\n                    <\/div>\n                <\/article>\n            <\/div>\n                <div class='module-overlay'>\n                <div class='preloader_type preloader_dot'>\n                    <div class=\"module-preloader jeg_preloader dot\">\n                        <span><\/span><span><\/span><span><\/span>\n                    <\/div>\n                    <div class=\"module-preloader jeg_preloader circle\">\n                        <div class=\"jnews_preloader_circle_outer\">\n                            <div class=\"jnews_preloader_circle_inner\"><\/div>\n                        <\/div>\n                    <\/div>\n                    <div class=\"module-preloader jeg_preloader square\">\n                        <div class=\"jeg_square\"><div class=\"jeg_square_inner\"><\/div><\/div>\n                    <\/div>\n                <\/div>\n            <\/div>\n            <\/div>\n            <div class=\"jeg_block_navigation\">\n                <div class='navigation_overlay'><div class='module-preloader jeg_preloader'><span><\/span><span><\/span><span><\/span><\/div><\/div>\n                \n                \n            <\/div>\n                \n                <script>var jnews_module__0_69fddaf9cad3b = {\"header_icon\":\"\",\"first_title\":\"\",\"second_title\":\"\",\"url\":\"\",\"header_type\":\"heading_6\",\"header_background\":\"\",\"header_secondary_background\":\"\",\"header_text_color\":\"\",\"header_line_color\":\"\",\"header_accent_color\":\"\",\"header_filter_category\":\"\",\"header_filter_author\":\"\",\"header_filter_tag\":\"\",\"header_filter_text\":\"All\",\"post_type\":\"post\",\"content_type\":\"all\",\"number_post\":\"1\",\"post_offset\":\"0\",\"unique_content\":\"unique1\",\"include_post\":\"\",\"exclude_post\":\"\",\"include_category\":\"\",\"exclude_category\":\"\",\"include_author\":\"\",\"include_tag\":\"\",\"exclude_tag\":\"\",\"post_tag\":\"\",\"essential_grid_category\":\"\",\"sort_by\":\"latest\",\"date_format\":\"default\",\"date_format_custom\":\"Y\\\/m\\\/d\",\"excerpt_length\":\"20\",\"excerpt_ellipsis\":\"...\",\"pagination_mode\":\"disable\",\"pagination_nextprev_showtext\":\"\",\"pagination_number_post\":1,\"pagination_scroll_limit\":0,\"el_id\":\"\",\"el_class\":\"\",\"scheme\":\"\",\"column_width\":\"auto\",\"title_color\":\"\",\"accent_color\":\"\",\"alt_color\":\"\",\"excerpt_color\":\"\",\"block_background\":\"\",\"css\":\"\",\"compatible_column_notice\":\"\",\"paged\":1,\"column_class\":\"jeg_col_2o3\",\"class\":\"jnews_block_30\"};<\/script>\n            <\/div><div  class=\"jeg_postblock_5 jeg_postblock jeg_module_hook jeg_pagination_nextprev jeg_col_2o3 jnews_module__1_69fddaf9cdc1a   \" data-unique=\"jnews_module__1_69fddaf9cdc1a\">\n                \n                <div class=\"jeg_block_container\">\n                \n                <div class=\"jeg_posts jeg_load_more_flag\">\n                <article class=\"jeg_post jeg_pl_lg_2 post-11098 post type-post status-publish format-standard has-post-thumbnail hentry category-noticias tag-marketing tag-marketing-de-nostalgia tag-mercado tag-vendas\">\n                <div class=\"jeg_thumb\">\n                    \n                    <a href=\"https:\/\/novasingular.com.br\/blog\/neymar-marketing-da-nostalgia\"><div class=\"thumbnail-container  size-715 \"><img loading=\"lazy\" decoding=\"async\" width=\"350\" height=\"250\" src=\"https:\/\/novasingular.com.br\/blog\/wp-content\/uploads\/2025\/01\/CAPA_BLOG-NEYMAR-E-NOSTALGIA-350x250.jpg\" class=\"attachment-jnews-350x250 size-jnews-350x250 wp-post-image\" alt=\"Neymar no Santos e o impacto do marketing da nostalgia\" srcset=\"https:\/\/novasingular.com.br\/blog\/wp-content\/uploads\/2025\/01\/CAPA_BLOG-NEYMAR-E-NOSTALGIA-350x250.jpg 350w, https:\/\/novasingular.com.br\/blog\/wp-content\/uploads\/2025\/01\/CAPA_BLOG-NEYMAR-E-NOSTALGIA-120x86.jpg 120w, https:\/\/novasingular.com.br\/blog\/wp-content\/uploads\/2025\/01\/CAPA_BLOG-NEYMAR-E-NOSTALGIA-750x536.jpg 750w, https:\/\/novasingular.com.br\/blog\/wp-content\/uploads\/2025\/01\/CAPA_BLOG-NEYMAR-E-NOSTALGIA-1140x815.jpg 1140w\" sizes=\"auto, (max-width: 350px) 100vw, 350px\" \/><\/div><\/a>\n                    <div class=\"jeg_post_category\">\n                        <span><a href=\"https:\/\/novasingular.com.br\/blog\/category\/noticias\" class=\"category-noticias\">Not\u00edcias<\/a><\/span>\n                    <\/div>\n                <\/div>\n                <div class=\"jeg_postblock_content\">\n                    <h3 class=\"jeg_post_title\">\n                        <a href=\"https:\/\/novasingular.com.br\/blog\/neymar-marketing-da-nostalgia\">Neymar e o Marketing da Nostalgia: como o passado constr\u00f3i o futuro das marcas<\/a>\n                    <\/h3>\n                    <div class=\"jeg_post_meta\"><div class=\"jeg_meta_author\"><span class=\"by\">por<\/span> <a href=\"https:\/\/novasingular.com.br\/blog\/author\/novasingular\">Nova Singular<\/a><\/div><div class=\"jeg_meta_date\"><a href=\"https:\/\/novasingular.com.br\/blog\/neymar-marketing-da-nostalgia\"><i class=\"fa fa-clock-o\"><\/i> 31 de janeiro de 2025<\/a><\/div><div class=\"jeg_meta_comment\"><a href=\"https:\/\/novasingular.com.br\/blog\/neymar-marketing-da-nostalgia#comments\" ><i class=\"fa fa-comment-o\"><\/i> 0 <\/a><\/div><\/div>\n                    <div class=\"jeg_post_excerpt\">\n                        <p>O retorno de Neymar ao Santos movimentou n\u00e3o apenas os torcedores do Peixe, mas tamb\u00e9m todo o Brasil. Neymar \u00e9...<\/p>\n                        <a href=\"https:\/\/novasingular.com.br\/blog\/neymar-marketing-da-nostalgia\" class=\"jeg_readmore\">Ler Mais<\/a>\n                    <\/div>\n                <\/div>\n            <\/article><article class=\"jeg_post jeg_pl_lg_2 post-11090 post type-post status-publish format-standard has-post-thumbnail hentry category-noticias category-tech\">\n                <div class=\"jeg_thumb\">\n                    \n                    <a href=\"https:\/\/novasingular.com.br\/blog\/deepseek-inteligencia-artificial\"><div class=\"thumbnail-container  size-715 \"><img loading=\"lazy\" decoding=\"async\" width=\"350\" height=\"250\" src=\"https:\/\/novasingular.com.br\/blog\/wp-content\/uploads\/2025\/01\/JAN-ARTIGO-DEEPSEEK-NS-350x250.webp\" class=\"attachment-jnews-350x250 size-jnews-350x250 wp-post-image\" alt=\"\" srcset=\"https:\/\/novasingular.com.br\/blog\/wp-content\/uploads\/2025\/01\/JAN-ARTIGO-DEEPSEEK-NS-350x250.webp 350w, https:\/\/novasingular.com.br\/blog\/wp-content\/uploads\/2025\/01\/JAN-ARTIGO-DEEPSEEK-NS-120x86.webp 120w, https:\/\/novasingular.com.br\/blog\/wp-content\/uploads\/2025\/01\/JAN-ARTIGO-DEEPSEEK-NS-750x536.webp 750w, https:\/\/novasingular.com.br\/blog\/wp-content\/uploads\/2025\/01\/JAN-ARTIGO-DEEPSEEK-NS-1140x815.webp 1140w\" sizes=\"auto, (max-width: 350px) 100vw, 350px\" \/><\/div><\/a>\n                    <div class=\"jeg_post_category\">\n                        <span><a href=\"https:\/\/novasingular.com.br\/blog\/category\/noticias\" class=\"category-noticias\">Not\u00edcias<\/a><\/span>\n                    <\/div>\n                <\/div>\n                <div class=\"jeg_postblock_content\">\n                    <h3 class=\"jeg_post_title\">\n                        <a href=\"https:\/\/novasingular.com.br\/blog\/deepseek-inteligencia-artificial\">A revolu\u00e7\u00e3o da DeepSeek no universo da Intelig\u00eancia Artificial<\/a>\n                    <\/h3>\n                    <div class=\"jeg_post_meta\"><div class=\"jeg_meta_author\"><span class=\"by\">por<\/span> <a href=\"https:\/\/novasingular.com.br\/blog\/author\/novasingular\">Nova Singular<\/a><\/div><div class=\"jeg_meta_date\"><a href=\"https:\/\/novasingular.com.br\/blog\/deepseek-inteligencia-artificial\"><i class=\"fa fa-clock-o\"><\/i> 29 de janeiro de 2025<\/a><\/div><div class=\"jeg_meta_comment\"><a href=\"https:\/\/novasingular.com.br\/blog\/deepseek-inteligencia-artificial#comments\" ><i class=\"fa fa-comment-o\"><\/i> 0 <\/a><\/div><\/div>\n                    <div class=\"jeg_post_excerpt\">\n                        <p>Nos \u00faltimos anos, o mercado da Intelig\u00eancia Artificial (IA) tem passado por uma transforma\u00e7\u00e3o sem precedentes, com mudan\u00e7as quase que...<\/p>\n                        <a href=\"https:\/\/novasingular.com.br\/blog\/deepseek-inteligencia-artificial\" class=\"jeg_readmore\">Ler Mais<\/a>\n                    <\/div>\n                <\/div>\n            <\/article><article class=\"jeg_post jeg_pl_lg_2 post-11079 post type-post status-publish format-standard has-post-thumbnail hentry category-tech tag-inovacao tag-realidade-aumentada\">\n                <div class=\"jeg_thumb\">\n                    \n                    <a href=\"https:\/\/novasingular.com.br\/blog\/realidade-aumentada\"><div class=\"thumbnail-container  size-715 \"><img loading=\"lazy\" decoding=\"async\" width=\"350\" height=\"250\" src=\"https:\/\/novasingular.com.br\/blog\/wp-content\/uploads\/2025\/01\/REALIDADE-AUMENTADA-350x250.jpg\" class=\"attachment-jnews-350x250 size-jnews-350x250 wp-post-image\" alt=\"\" srcset=\"https:\/\/novasingular.com.br\/blog\/wp-content\/uploads\/2025\/01\/REALIDADE-AUMENTADA-350x250.jpg 350w, https:\/\/novasingular.com.br\/blog\/wp-content\/uploads\/2025\/01\/REALIDADE-AUMENTADA-120x86.jpg 120w, https:\/\/novasingular.com.br\/blog\/wp-content\/uploads\/2025\/01\/REALIDADE-AUMENTADA-750x536.jpg 750w, https:\/\/novasingular.com.br\/blog\/wp-content\/uploads\/2025\/01\/REALIDADE-AUMENTADA-1140x815.jpg 1140w\" sizes=\"auto, (max-width: 350px) 100vw, 350px\" \/><\/div><\/a>\n                    <div class=\"jeg_post_category\">\n                        <span><a href=\"https:\/\/novasingular.com.br\/blog\/category\/tech\" class=\"category-tech\">Tecnologia<\/a><\/span>\n                    <\/div>\n                <\/div>\n                <div class=\"jeg_postblock_content\">\n                    <h3 class=\"jeg_post_title\">\n                        <a href=\"https:\/\/novasingular.com.br\/blog\/realidade-aumentada\">Realidade Aumentada (AR): explorando as inova\u00e7\u00f5es e aplica\u00e7\u00f5es no cotidiano<\/a>\n                    <\/h3>\n                    <div class=\"jeg_post_meta\"><div class=\"jeg_meta_author\"><span class=\"by\">por<\/span> <a href=\"https:\/\/novasingular.com.br\/blog\/author\/novasingular\">Nova Singular<\/a><\/div><div class=\"jeg_meta_date\"><a href=\"https:\/\/novasingular.com.br\/blog\/realidade-aumentada\"><i class=\"fa fa-clock-o\"><\/i> 21 de janeiro de 2025<\/a><\/div><div class=\"jeg_meta_comment\"><a href=\"https:\/\/novasingular.com.br\/blog\/realidade-aumentada#comments\" ><i class=\"fa fa-comment-o\"><\/i> 0 <\/a><\/div><\/div>\n                    <div class=\"jeg_post_excerpt\">\n                        <p>A Realidade Aumentada (AR) vem transformando a maneira como interagimos com o mundo, adicionando camadas digitais \u00e0 nossa realidade f\u00edsica....<\/p>\n                        <a href=\"https:\/\/novasingular.com.br\/blog\/realidade-aumentada\" class=\"jeg_readmore\">Ler Mais<\/a>\n                    <\/div>\n                <\/div>\n            <\/article><article class=\"jeg_post jeg_pl_lg_2 post-11061 post type-post status-publish format-standard has-post-thumbnail hentry category-dicas\">\n                <div class=\"jeg_thumb\">\n                    \n                    <a href=\"https:\/\/novasingular.com.br\/blog\/tendencias-de-mercado-2025\"><div class=\"thumbnail-container  size-715 \"><img loading=\"lazy\" decoding=\"async\" width=\"350\" height=\"250\" src=\"https:\/\/novasingular.com.br\/blog\/wp-content\/uploads\/2024\/12\/01-Novembro-24-Artigo-tende\u0302ncias-de-mercado-2-1-350x250.jpg\" class=\"attachment-jnews-350x250 size-jnews-350x250 wp-post-image\" alt=\"\" srcset=\"https:\/\/novasingular.com.br\/blog\/wp-content\/uploads\/2024\/12\/01-Novembro-24-Artigo-tende\u0302ncias-de-mercado-2-1-350x250.jpg 350w, https:\/\/novasingular.com.br\/blog\/wp-content\/uploads\/2024\/12\/01-Novembro-24-Artigo-tende\u0302ncias-de-mercado-2-1-120x86.jpg 120w, https:\/\/novasingular.com.br\/blog\/wp-content\/uploads\/2024\/12\/01-Novembro-24-Artigo-tende\u0302ncias-de-mercado-2-1-750x536.jpg 750w, https:\/\/novasingular.com.br\/blog\/wp-content\/uploads\/2024\/12\/01-Novembro-24-Artigo-tende\u0302ncias-de-mercado-2-1-1140x815.jpg 1140w\" sizes=\"auto, (max-width: 350px) 100vw, 350px\" \/><\/div><\/a>\n                    <div class=\"jeg_post_category\">\n                        <span><a href=\"https:\/\/novasingular.com.br\/blog\/category\/dicas\" class=\"category-dicas\">Dicas<\/a><\/span>\n                    <\/div>\n                <\/div>\n                <div class=\"jeg_postblock_content\">\n                    <h3 class=\"jeg_post_title\">\n                        <a href=\"https:\/\/novasingular.com.br\/blog\/tendencias-de-mercado-2025\">Domine as tend\u00eancias de mercado e prepare sua marca para 2025<\/a>\n                    <\/h3>\n                    <div class=\"jeg_post_meta\"><div class=\"jeg_meta_author\"><span class=\"by\">por<\/span> <a href=\"https:\/\/novasingular.com.br\/blog\/author\/novasingular\">Nova Singular<\/a><\/div><div class=\"jeg_meta_date\"><a href=\"https:\/\/novasingular.com.br\/blog\/tendencias-de-mercado-2025\"><i class=\"fa fa-clock-o\"><\/i> 9 de dezembro de 2024<\/a><\/div><div class=\"jeg_meta_comment\"><a href=\"https:\/\/novasingular.com.br\/blog\/tendencias-de-mercado-2025#comments\" ><i class=\"fa fa-comment-o\"><\/i> 0 <\/a><\/div><\/div>\n                    <div class=\"jeg_post_excerpt\">\n                        <p>Antecipar tend\u00eancias n\u00e3o \u00e9 mais uma op\u00e7\u00e3o; \u00e9 uma necessidade para marcas que buscam liderar e crescer. As mudan\u00e7as no...<\/p>\n                        <a href=\"https:\/\/novasingular.com.br\/blog\/tendencias-de-mercado-2025\" class=\"jeg_readmore\">Ler Mais<\/a>\n                    <\/div>\n                <\/div>\n            <\/article>\n            <\/div>\n                <div class='module-overlay'>\n                <div class='preloader_type preloader_dot'>\n                    <div class=\"module-preloader jeg_preloader dot\">\n                        <span><\/span><span><\/span><span><\/span>\n                    <\/div>\n                    <div class=\"module-preloader jeg_preloader circle\">\n                        <div class=\"jnews_preloader_circle_outer\">\n                            <div class=\"jnews_preloader_circle_inner\"><\/div>\n                        <\/div>\n                    <\/div>\n                    <div class=\"module-preloader jeg_preloader square\">\n                        <div class=\"jeg_square\"><div class=\"jeg_square_inner\"><\/div><\/div>\n                    <\/div>\n                <\/div>\n            <\/div>\n            <\/div>\n            <div class=\"jeg_block_navigation\">\n                <div class='navigation_overlay'><div class='module-preloader jeg_preloader'><span><\/span><span><\/span><span><\/span><\/div><\/div>\n                <div class=\"jeg_block_nav \">\n                    <a href=\"#\" class=\"prev disabled\" title=\"Pr\u00e9via\"><i class=\"fa fa-angle-left\"><\/i><\/a>\n                    <a href=\"#\" class=\"next \" title=\"Pr\u00f3ximo\"><i class=\"fa fa-angle-right\"><\/i><\/a>\n                <\/div>\n                \n            <\/div>\n                \n                <script>var jnews_module__1_69fddaf9cdc1a = {\"header_icon\":\"\",\"first_title\":\"\",\"second_title\":\"\",\"url\":\"\",\"header_type\":\"heading_6\",\"header_background\":\"\",\"header_secondary_background\":\"\",\"header_text_color\":\"\",\"header_line_color\":\"\",\"header_accent_color\":\"\",\"header_filter_category\":\"\",\"header_filter_author\":\"\",\"header_filter_tag\":\"\",\"header_filter_text\":\"All\",\"post_type\":\"post\",\"content_type\":\"all\",\"number_post\":\"4\",\"post_offset\":\"0\",\"unique_content\":\"unique1\",\"include_post\":\"\",\"exclude_post\":\"11106\",\"include_category\":\"\",\"exclude_category\":\"\",\"include_author\":\"\",\"include_tag\":\"\",\"exclude_tag\":\"\",\"post_tag\":\"\",\"essential_grid_category\":\"\",\"sort_by\":\"latest\",\"date_format\":\"default\",\"date_format_custom\":\"Y\\\/m\\\/d\",\"excerpt_length\":\"20\",\"excerpt_ellipsis\":\"...\",\"pagination_mode\":\"nextprev\",\"pagination_nextprev_showtext\":\"\",\"pagination_number_post\":\"4\",\"pagination_scroll_limit\":0,\"ads_type\":\"disable\",\"ads_position\":1,\"ads_random\":\"\",\"ads_image\":\"\",\"ads_image_tablet\":\"\",\"ads_image_phone\":\"\",\"ads_image_link\":\"\",\"ads_image_alt\":\"\",\"ads_image_new_tab\":\"\",\"google_publisher_id\":\"\",\"google_slot_id\":\"\",\"google_desktop\":\"auto\",\"google_tab\":\"auto\",\"google_phone\":\"auto\",\"content\":\"\",\"ads_bottom_text\":\"\",\"boxed\":\"\",\"boxed_shadow\":\"\",\"el_id\":\"\",\"el_class\":\"\",\"scheme\":\"\",\"column_width\":\"auto\",\"title_color\":\"\",\"accent_color\":\"\",\"alt_color\":\"\",\"excerpt_color\":\"\",\"css\":\"\",\"compatible_column_notice\":\"\",\"paged\":1,\"column_class\":\"jeg_col_2o3\",\"class\":\"jnews_block_5\"};<\/script>\n            <\/div>[\/vc_column][vc_column width=&#8221;3\/12&#8243;][vc_widget_sidebar sidebar_id=&#8221;default-sidebar&#8221;][\/vc_column][\/vc_row]<\/p>\n","protected":false},"excerpt":{"rendered":"<p>[vc_row][vc_column width=&#8221;9\/12&#8243;][\/vc_column][vc_column width=&#8221;3\/12&#8243;][vc_widget_sidebar sidebar_id=&#8221;default-sidebar&#8221;][\/vc_column][\/vc_row]<\/p>\n","protected":false},"author":1,"featured_media":0,"parent":0,"menu_order":0,"comment_status":"closed","ping_status":"closed","template":"template-index.php","meta":{"footnotes":""},"class_list":["post-10654","page","type-page","status-publish","hentry"],"_links":{"self":[{"href":"https:\/\/novasingular.com.br\/blog\/wp-json\/wp\/v2\/pages\/10654","targetHints":{"allow":["GET"]}}],"collection":[{"href":"https:\/\/novasingular.com.br\/blog\/wp-json\/wp\/v2\/pages"}],"about":[{"href":"https:\/\/novasingular.com.br\/blog\/wp-json\/wp\/v2\/types\/page"}],"author":[{"embeddable":true,"href":"https:\/\/novasingular.com.br\/blog\/wp-json\/wp\/v2\/users\/1"}],"replies":[{"embeddable":true,"href":"https:\/\/novasingular.com.br\/blog\/wp-json\/wp\/v2\/comments?post=10654"}],"version-history":[{"count":8,"href":"https:\/\/novasingular.com.br\/blog\/wp-json\/wp\/v2\/pages\/10654\/revisions"}],"predecessor-version":[{"id":10747,"href":"https:\/\/novasingular.com.br\/blog\/wp-json\/wp\/v2\/pages\/10654\/revisions\/10747"}],"wp:attachment":[{"href":"https:\/\/novasingular.com.br\/blog\/wp-json\/wp\/v2\/media?parent=10654"}],"curies":[{"name":"wp","href":"https:\/\/api.w.org\/{rel}","templated":true}]}}